{"id":217,"date":"2022-06-07T09:24:51","date_gmt":"2022-06-07T09:24:51","guid":{"rendered":"https:\/\/restaurantemarcello.es\/?page_id=217"},"modified":"2022-06-09T07:16:21","modified_gmt":"2022-06-09T07:16:21","slug":"aviso-legal","status":"publish","type":"page","link":"https:\/\/restaurantemarcello.es\/index.php\/aviso-legal\/","title":{"rendered":"Aviso Legal"},"content":{"rendered":"\t\t<div data-elementor-type=\"wp-page\" data-elementor-id=\"217\" class=\"elementor elementor-217\">\n\t\t\t\t\t\t<section class=\"elementor-section elementor-top-section elementor-element elementor-element-121662db elementor-section-boxed elementor-section-height-default elementor-section-height-default\" data-id=\"121662db\" data-element_type=\"section\">\n\t\t\t\t\t\t<div class=\"elementor-container elementor-column-gap-default\">\n\t\t\t\t\t<div class=\"elementor-column elementor-col-100 elementor-top-column elementor-element elementor-element-7db69b8c\" data-id=\"7db69b8c\" data-element_type=\"column\">\n\t\t\t<div class=\"elementor-widget-wrap elementor-element-populated\">\n\t\t\t\t\t\t<div class=\"elementor-element elementor-element-702f469 elementor-widget elementor-widget-image\" data-id=\"702f469\" data-element_type=\"widget\" data-widget_type=\"image.default\">\n\t\t\t\t<div class=\"elementor-widget-container\">\n\t\t\t\t\t\t\t\t\t\t\t\t\t\t\t\t<a href=\"https:\/\/restaurantemarcello.es\/\">\n\t\t\t\t\t\t\t<img fetchpriority=\"high\" decoding=\"async\" width=\"500\" height=\"152\" src=\"https:\/\/restaurantemarcello.es\/wp-content\/uploads\/2022\/06\/cropped-Logos-rapidos.png\" class=\"attachment-large size-large wp-image-123\" alt=\"\" srcset=\"https:\/\/restaurantemarcello.es\/wp-content\/uploads\/2022\/06\/cropped-Logos-rapidos.png 500w, https:\/\/restaurantemarcello.es\/wp-content\/uploads\/2022\/06\/cropped-Logos-rapidos-300x91.png 300w\" sizes=\"(max-width: 500px) 100vw, 500px\" \/>\t\t\t\t\t\t\t\t<\/a>\n\t\t\t\t\t\t\t\t\t\t\t\t\t\t\t<\/div>\n\t\t\t\t<\/div>\n\t\t\t\t<div class=\"elementor-element elementor-element-60cc22f elementor-widget-divider--view-line elementor-widget elementor-widget-divider\" data-id=\"60cc22f\" data-element_type=\"widget\" data-widget_type=\"divider.default\">\n\t\t\t\t<div class=\"elementor-widget-container\">\n\t\t\t\t\t\t\t<div class=\"elementor-divider\">\n\t\t\t<span class=\"elementor-divider-separator\">\n\t\t\t\t\t\t<\/span>\n\t\t<\/div>\n\t\t\t\t\t\t<\/div>\n\t\t\t\t<\/div>\n\t\t\t\t<div class=\"elementor-element elementor-element-023a81c elementor-widget elementor-widget-heading\" data-id=\"023a81c\" data-element_type=\"widget\" data-widget_type=\"heading.default\">\n\t\t\t\t<div class=\"elementor-widget-container\">\n\t\t\t\t\t<h2 class=\"elementor-heading-title elementor-size-default\">Aviso legal del sitio Web<\/h2>\t\t\t\t<\/div>\n\t\t\t\t<\/div>\n\t\t\t\t<div class=\"elementor-element elementor-element-41372b17 elementor-widget elementor-widget-text-editor\" data-id=\"41372b17\" data-element_type=\"widget\" data-widget_type=\"text-editor.default\">\n\t\t\t\t<div class=\"elementor-widget-container\">\n\t\t\t\t\t\t\t\t\t<p><span style=\"font-size: 16px; color: var( --e-global-color-text ); letter-spacing: var( --e-global-typography-text-letter-spacing ); text-transform: var( --e-global-typography-text-text-transform );\">En cumplimiento con el deber de informaci\u00f3n recogido en art\u00edculo 10 de la Ley 34\/2002, de 11 de julio, de Servicios de la Sociedad de la Informaci\u00f3n y del Comercio Electr\u00f3nico, a continuaci\u00f3n, se reflejan los siguientes datos: el titular del dominio web es <\/span><strong style=\"font-size: 16px; color: var( --e-global-color-text ); letter-spacing: var( --e-global-typography-text-letter-spacing ); text-transform: var( --e-global-typography-text-text-transform );\">Restaurante Marcello<\/strong><span style=\"font-size: 16px; color: var( --e-global-color-text ); letter-spacing: var( --e-global-typography-text-letter-spacing ); text-transform: var( --e-global-typography-text-text-transform );\">, con domicilio a estos efectos en C\/ Floranes, 29, 39010 Santander, Cantabria.<\/span><\/p>\n<p><strong>Nombre:<\/strong> Restaurante Marcello<br><strong>NIF: <\/strong>J39409511<br><strong>Correo electr\u00f3nico de contacto:<\/strong> resmarcello@mac.com<br><strong>Sitio web:<\/strong> www.restaurantemarcello.es<\/p>\n<h3><strong>USUARIOS<\/strong><\/h3>\n<p>El acceso y\/o uso de este portal <strong>Restaurante Marcello<\/strong><strong>&nbsp;<\/strong>atribuye la condici\u00f3n de USUARIO, que acepta, desde dicho acceso y\/o uso, las Condiciones Generales de Uso aqu\u00ed reflejadas. Las citadas Condiciones ser\u00e1n de aplicaci\u00f3n independientemente de las Condiciones Generales de Contrataci\u00f3n que en su caso resulten de obligado cumplimiento.<\/p>\n<h3><strong>USO DEL PORTAL<\/strong><\/h3>\n<p><strong>Restaurante Marcello <\/strong>proporciona el acceso a multitud de informaciones, servicios, programas o datos (en adelante, \u201clos contenidos\u201d) en Internet pertenecientes a <strong>Restaurante Marcello<\/strong><strong>&nbsp;<\/strong>o a sus licenciantes o colaboradores, a los que el USUARIO pueda tener acceso.<\/p>\n<p>El USUARIO asume la responsabilidad del uso del portal. Dicha responsabilidad se extiende al registro que fuese necesario para acceder a determinados servicios o contenidos.<\/p>\n<p>En dicho registro el USUARIO ser\u00e1 responsable de aportar informaci\u00f3n veraz y l\u00edcita. Como consecuencia de este registro, al USUARIO se le puede proporcionar una contrase\u00f1a de la que ser\u00e1 responsable, comprometi\u00e9ndose a hacer un uso diligente y confidencial de la misma.<\/p>\n<p>El USUARIO se compromete a hacer un uso adecuado de los contenidos y servicios (como por ejemplo servicios de chat, foros de discusi\u00f3n o grupos de noticias) que <strong>Restaurante Marcello<\/strong><strong>&nbsp;<\/strong>creadora del sitio web ofrece a trav\u00e9s de su portal y con car\u00e1cter enunciativo, pero no limitativo, a no emplearlos para:<\/p>\n<ol>\n<li>incurrir en actividades il\u00edcitas, ilegales o contrarias a la buena fe y al orden p\u00fablico<\/li>\n<li>difundir contenidos o propaganda de car\u00e1cter racista, xen\u00f3fobo, pornogr\u00e1fico-ilegal, de apolog\u00eda del terrorismo o atentatorio contra los derechos humanos<\/li>\n<li>provocar da\u00f1os en los sistemas f\u00edsicos y l\u00f3gicos de <strong>Restaurante Marcello<\/strong>&nbsp;creadora del sitio web, de sus proveedores o de terceras personas, introducir o difundir en la red virus inform\u00e1ticos o cualesquiera otros sistemas f\u00edsicos o l\u00f3gicos que sean susceptibles de provocar los da\u00f1os anteriormente mencionados<\/li>\n<li>intentar acceder y, en su caso, utilizar las cuentas de correo electr\u00f3nico de otros usuarios y modificar o manipular sus mensajes. <strong>Restaurante Marcello<\/strong>&nbsp;creadora del sitio web se reserva el derecho de retirar todos aquellos comentarios y aportaciones que vulneren el respeto a la dignidad de la persona, que sean discriminatorios, xen\u00f3fobos, racistas, pornogr\u00e1ficos, que atenten contra la juventud o la infancia, el orden o la seguridad p\u00fablica o que, a su juicio, no resultaran adecuados para su publicaci\u00f3n.<\/li>\n<li>En cualquier caso, <strong>Restaurante Marcello<\/strong><strong>&nbsp;<\/strong>no ser\u00e1 responsable de las opiniones vertidas por los usuarios a trav\u00e9s de los foros, chats, u otras herramientas de participaci\u00f3n.<\/li>\n<\/ol>\n<h3><strong>PROPIEDAD INTELECTUAL E INDUSTRIAL<\/strong><\/h3>\n<p><strong>Restaurante Marcello <\/strong>por s\u00ed o como cesionaria, es titular de todos los derechos de propiedad intelectual e industrial de su p\u00e1gina web, as\u00ed como de los elementos contenidos en la misma (a t\u00edtulo enunciativo, im\u00e1genes, sonido, audio, v\u00eddeo, software o textos; marcas o logotipos, combinaciones de colores, estructura y dise\u00f1o, selecci\u00f3n de materiales usados, programas de ordenador necesarios para su funcionamiento, acceso y uso, etc.), titularidad de <strong>Restaurante Marcello<\/strong><strong>&nbsp;<\/strong>o bien de sus licenciantes.<\/p>\n<p><strong>Todos los derechos reservados.<\/strong><\/p>\n<p>En virtud de lo dispuesto en los art\u00edculos 8 y 32.1, p\u00e1rrafo segundo, de la Ley de Propiedad Intelectual, quedan expresamente prohibidas la reproducci\u00f3n, la distribuci\u00f3n y la comunicaci\u00f3n p\u00fablica, incluida su modalidad de puesta a disposici\u00f3n, de la totalidad o parte de los contenidos de esta p\u00e1gina web, con fines comerciales, en cualquier soporte y por cualquier medio t\u00e9cnico, sin la autorizaci\u00f3n de <strong>Restaurante Marcello<\/strong><strong>.<\/strong> El USUARIO se compromete a respetar los derechos de Propiedad Intelectual e Industrial titularidad de <strong>Restaurante Marcello<\/strong><strong>.<\/strong><\/p>\n<p>Podr\u00e1 visualizar los elementos del portal e incluso imprimirlos, copiarlos y almacenarlos en el disco duro de su ordenador o en cualquier otro soporte f\u00edsico siempre y cuando sea, \u00fanica y exclusivamente, para su uso personal y privado. El USUARIO deber\u00e1 abstenerse de suprimir, alterar, eludir o manipular cualquier dispositivo de protecci\u00f3n o sistema de seguridad que estuviera instalado en las p\u00e1ginas de <strong>Restaurante Marcello<\/strong><strong>.<\/strong><\/p>\n<h3><strong>EXCLUSI\u00d3N DE GARANT\u00cdAS Y RESPONSABILIDAD<\/strong><\/h3>\n<p><strong>Restaurante Marcello <\/strong>no se hace responsable, en ning\u00fan caso, de los da\u00f1os y perjuicios de cualquier naturaleza que pudieran ocasionar, a t\u00edtulo enunciativo: errores u omisiones en los contenidos, falta de disponibilidad del portal o la transmisi\u00f3n de virus o programas maliciosos o lesivos en los contenidos, a pesar de haber adoptado todas las medidas tecnol\u00f3gicas necesarias para evitarlo.<\/p>\n<h3><strong>MODIFICACIONES<\/strong><\/h3>\n<p><strong>Restaurante Marcello <\/strong>se reserva el derecho de efectuar sin previo aviso las modificaciones que considere oportunas en su portal, pudiendo cambiar, suprimir o a\u00f1adir tanto los contenidos y servicios que se presten a trav\u00e9s de la misma como la forma en la que \u00e9stos aparezcan presentados o localizados en su portal.<\/p>\n<h3><strong>ENLACES<\/strong><\/h3>\n<p>En el caso de que en <strong>Restaurante Marcello<\/strong><strong>&nbsp;<\/strong>se dispusiesen enlaces o hiperv\u00ednculos hac\u00eda otros sitios de Internet, <strong>Restaurante Marcello<\/strong><strong>&nbsp;<\/strong>no ejercer\u00e1 ning\u00fan tipo de control sobre dichos sitios y contenidos. En ning\u00fan caso <strong>Restaurante Marcello<\/strong><strong>&nbsp;<\/strong>asumir\u00e1 responsabilidad alguna por los contenidos de alg\u00fan enlace perteneciente a un sitio web ajeno, ni garantizar\u00e1 la disponibilidad t\u00e9cnica, calidad, fiabilidad, exactitud, amplitud, veracidad, validez y constitucionalidad de cualquier material o informaci\u00f3n contenida en ninguno de dichos hiperv\u00ednculos u otros sitios de Internet.<\/p>\n<p>Igualmente la inclusi\u00f3n de estas conexiones externas no implicar\u00e1 ning\u00fan tipo de asociaci\u00f3n, fusi\u00f3n o participaci\u00f3n con las entidades conectadas.<\/p>\n<h3><strong>DERECHO DE EXCLUSI\u00d3N<\/strong><\/h3>\n<p><strong>Restaurante Marcello <\/strong>se reserva el derecho a denegar o retirar el acceso a portal y\/o los servicios ofrecidos sin necesidad de preaviso, a instancia propia o de un tercero, a aquellos usuarios que incumplan las presentes Condiciones Generales de Uso.<\/p>\n<h3><strong>GENERALIDADES<\/strong><\/h3>\n<p><strong>Restaurante Marcello <\/strong>perseguir\u00e1 el incumplimiento de las presentes condiciones, as\u00ed como cualquier utilizaci\u00f3n indebida de su portal ejerciendo todas las acciones civiles y penales que le puedan corresponder en derecho.<\/p>\n<h3><strong>MODIFICACI\u00d3N DE LAS PRESENTES CONDICIONES Y DURACI\u00d3N<\/strong><\/h3>\n<p><strong>Restaurante Marcello <\/strong>podr\u00e1 modificar en cualquier momento las condiciones aqu\u00ed determinadas, siendo debidamente publicadas como aqu\u00ed aparecen.<\/p>\n<p>La vigencia de las citadas condiciones ir\u00e1 en funci\u00f3n de su exposici\u00f3n y estar\u00e1n vigentes hasta debidamente publicadas, que sean modificadas por otras.<\/p>\n<h3><strong>LEGISLACI\u00d3N APLICABLE Y JURISDICCI\u00d3N<\/strong><\/h3>\n<p>La relaci\u00f3n entre <strong>Restaurante Marcello<\/strong><strong>&nbsp;<\/strong>y el USUARIO se regir\u00e1 por la normativa espa\u00f1ola vigente y cualquier controversia se someter\u00e1 a los Juzgados y tribunales de Santander.<\/p>\t\t\t\t\t\t\t\t<\/div>\n\t\t\t\t<\/div>\n\t\t\t\t\t<\/div>\n\t\t<\/div>\n\t\t\t\t\t<\/div>\n\t\t<\/section>\n\t\t\t\t<\/div>\n\t\t","protected":false},"excerpt":{"rendered":"<p>Aviso legal del sitio Web En cumplimiento con el deber de informaci\u00f3n recogido en art\u00edculo 10 de la Ley 34\/2002, de 11 de julio, de Servicios de la Sociedad de la Informaci\u00f3n y del Comercio Electr\u00f3nico, a continuaci\u00f3n, se reflejan los siguientes datos: el titular del dominio web es Restaurante Marcello, con domicilio a estos [&hellip;]<\/p>\n","protected":false},"author":1,"featured_media":0,"parent":0,"menu_order":0,"comment_status":"closed","ping_status":"closed","template":"elementor_theme","meta":{"ocean_post_layout":"","ocean_both_sidebars_style":"","ocean_both_sidebars_content_width":0,"ocean_both_sidebars_sidebars_width":0,"ocean_sidebar":"0","ocean_second_sidebar":"0","ocean_disable_margins":"enable","ocean_add_body_class":"","ocean_shortcode_before_top_bar":"","ocean_shortcode_after_top_bar":"","ocean_shortcode_before_header":"","ocean_shortcode_after_header":"","ocean_has_shortcode":"","ocean_shortcode_after_title":"","ocean_shortcode_before_footer_widgets":"","ocean_shortcode_after_footer_widgets":"","ocean_shortcode_before_footer_bottom":"","ocean_shortcode_after_footer_bottom":"","ocean_display_top_bar":"default","ocean_display_header":"default","ocean_header_style":"","ocean_center_header_left_menu":"0","ocean_custom_header_template":"0","ocean_custom_logo":0,"ocean_custom_retina_logo":0,"ocean_custom_logo_max_width":0,"ocean_custom_logo_tablet_max_width":0,"ocean_custom_logo_mobile_max_width":0,"ocean_custom_logo_max_height":0,"ocean_custom_logo_tablet_max_height":0,"ocean_custom_logo_mobile_max_height":0,"ocean_header_custom_menu":"0","ocean_menu_typo_font_family":"0","ocean_menu_typo_font_subset":"","ocean_menu_typo_font_size":0,"ocean_menu_typo_font_size_tablet":0,"ocean_menu_typo_font_size_mobile":0,"ocean_menu_typo_font_size_unit":"px","ocean_menu_typo_font_weight":"","ocean_menu_typo_font_weight_tablet":"","ocean_menu_typo_font_weight_mobile":"","ocean_menu_typo_transform":"","ocean_menu_typo_transform_tablet":"","ocean_menu_typo_transform_mobile":"","ocean_menu_typo_line_height":0,"ocean_menu_typo_line_height_tablet":0,"ocean_menu_typo_line_height_mobile":0,"ocean_menu_typo_line_height_unit":"","ocean_menu_typo_spacing":0,"ocean_menu_typo_spacing_tablet":0,"ocean_menu_typo_spacing_mobile":0,"ocean_menu_typo_spacing_unit":"","ocean_menu_link_color":"","ocean_menu_link_color_hover":"","ocean_menu_link_color_active":"","ocean_menu_link_background":"","ocean_menu_link_hover_background":"","ocean_menu_link_active_background":"","ocean_menu_social_links_bg":"","ocean_menu_social_hover_links_bg":"","ocean_menu_social_links_color":"","ocean_menu_social_hover_links_color":"","ocean_disable_title":"default","ocean_disable_heading":"default","ocean_post_title":"","ocean_post_subheading":"","ocean_post_title_style":"","ocean_post_title_background_color":"","ocean_post_title_background":0,"ocean_post_title_bg_image_position":"","ocean_post_title_bg_image_attachment":"","ocean_post_title_bg_image_repeat":"","ocean_post_title_bg_image_size":"","ocean_post_title_height":0,"ocean_post_title_bg_overlay":0.5,"ocean_post_title_bg_overlay_color":"","ocean_disable_breadcrumbs":"default","ocean_breadcrumbs_color":"","ocean_breadcrumbs_separator_color":"","ocean_breadcrumbs_links_color":"","ocean_breadcrumbs_links_hover_color":"","ocean_display_footer_widgets":"default","ocean_display_footer_bottom":"default","ocean_custom_footer_template":"0","footnotes":""},"class_list":["post-217","page","type-page","status-publish","hentry","entry"],"yoast_head":"<!-- This site is optimized with the Yoast SEO plugin v25.8 - https:\/\/yoast.com\/wordpress\/plugins\/seo\/ -->\n<title>Aviso Legal - Restaurante Italiano Marcello<\/title>\n<meta name=\"robots\" content=\"index, follow, max-snippet:-1, max-image-preview:large, max-video-preview:-1\" \/>\n<link rel=\"canonical\" href=\"https:\/\/restaurantemarcello.es\/index.php\/aviso-legal\/\" \/>\n<meta property=\"og:locale\" content=\"es_ES\" \/>\n<meta property=\"og:type\" content=\"article\" \/>\n<meta property=\"og:title\" content=\"Aviso Legal - Restaurante Italiano Marcello\" \/>\n<meta property=\"og:description\" content=\"Aviso legal del sitio Web En cumplimiento con el deber de informaci\u00f3n recogido en art\u00edculo 10 de la Ley 34\/2002, de 11 de julio, de Servicios de la Sociedad de la Informaci\u00f3n y del Comercio Electr\u00f3nico, a continuaci\u00f3n, se reflejan los siguientes datos: el titular del dominio web es Restaurante Marcello, con domicilio a estos [&hellip;]\" \/>\n<meta property=\"og:url\" content=\"https:\/\/restaurantemarcello.es\/index.php\/aviso-legal\/\" \/>\n<meta property=\"og:site_name\" content=\"Restaurante Italiano Marcello\" \/>\n<meta property=\"article:modified_time\" content=\"2022-06-09T07:16:21+00:00\" \/>\n<meta property=\"og:image\" content=\"https:\/\/restaurantemarcello.es\/wp-content\/uploads\/2022\/06\/cropped-Logos-rapidos.png\" \/>\n<meta name=\"twitter:card\" content=\"summary_large_image\" \/>\n<meta name=\"twitter:label1\" content=\"Tiempo de lectura\" \/>\n\t<meta name=\"twitter:data1\" content=\"6 minutos\" \/>\n<script type=\"application\/ld+json\" class=\"yoast-schema-graph\">{\"@context\":\"https:\/\/schema.org\",\"@graph\":[{\"@type\":\"WebPage\",\"@id\":\"https:\/\/restaurantemarcello.es\/index.php\/aviso-legal\/\",\"url\":\"https:\/\/restaurantemarcello.es\/index.php\/aviso-legal\/\",\"name\":\"Aviso Legal - Restaurante Italiano Marcello\",\"isPartOf\":{\"@id\":\"https:\/\/restaurantemarcello.es\/#website\"},\"primaryImageOfPage\":{\"@id\":\"https:\/\/restaurantemarcello.es\/index.php\/aviso-legal\/#primaryimage\"},\"image\":{\"@id\":\"https:\/\/restaurantemarcello.es\/index.php\/aviso-legal\/#primaryimage\"},\"thumbnailUrl\":\"https:\/\/restaurantemarcello.es\/wp-content\/uploads\/2022\/06\/cropped-Logos-rapidos.png\",\"datePublished\":\"2022-06-07T09:24:51+00:00\",\"dateModified\":\"2022-06-09T07:16:21+00:00\",\"breadcrumb\":{\"@id\":\"https:\/\/restaurantemarcello.es\/index.php\/aviso-legal\/#breadcrumb\"},\"inLanguage\":\"es\",\"potentialAction\":[{\"@type\":\"ReadAction\",\"target\":[\"https:\/\/restaurantemarcello.es\/index.php\/aviso-legal\/\"]}]},{\"@type\":\"ImageObject\",\"inLanguage\":\"es\",\"@id\":\"https:\/\/restaurantemarcello.es\/index.php\/aviso-legal\/#primaryimage\",\"url\":\"https:\/\/restaurantemarcello.es\/wp-content\/uploads\/2022\/06\/cropped-Logos-rapidos.png\",\"contentUrl\":\"https:\/\/restaurantemarcello.es\/wp-content\/uploads\/2022\/06\/cropped-Logos-rapidos.png\",\"width\":500,\"height\":152},{\"@type\":\"BreadcrumbList\",\"@id\":\"https:\/\/restaurantemarcello.es\/index.php\/aviso-legal\/#breadcrumb\",\"itemListElement\":[{\"@type\":\"ListItem\",\"position\":1,\"name\":\"Portada\",\"item\":\"https:\/\/restaurantemarcello.es\/\"},{\"@type\":\"ListItem\",\"position\":2,\"name\":\"Aviso Legal\"}]},{\"@type\":\"WebSite\",\"@id\":\"https:\/\/restaurantemarcello.es\/#website\",\"url\":\"https:\/\/restaurantemarcello.es\/\",\"name\":\"Restaurante Italiano Marcello\",\"description\":\"Restaurante Marcello Santander\",\"publisher\":{\"@id\":\"https:\/\/restaurantemarcello.es\/#organization\"},\"potentialAction\":[{\"@type\":\"SearchAction\",\"target\":{\"@type\":\"EntryPoint\",\"urlTemplate\":\"https:\/\/restaurantemarcello.es\/?s={search_term_string}\"},\"query-input\":{\"@type\":\"PropertyValueSpecification\",\"valueRequired\":true,\"valueName\":\"search_term_string\"}}],\"inLanguage\":\"es\"},{\"@type\":\"Organization\",\"@id\":\"https:\/\/restaurantemarcello.es\/#organization\",\"name\":\"Restaurante Italiano Marcello\",\"url\":\"https:\/\/restaurantemarcello.es\/\",\"logo\":{\"@type\":\"ImageObject\",\"inLanguage\":\"es\",\"@id\":\"https:\/\/restaurantemarcello.es\/#\/schema\/logo\/image\/\",\"url\":\"https:\/\/restaurantemarcello.es\/wp-content\/uploads\/2022\/06\/cropped-Logos-rapidos-1.jpg\",\"contentUrl\":\"https:\/\/restaurantemarcello.es\/wp-content\/uploads\/2022\/06\/cropped-Logos-rapidos-1.jpg\",\"width\":87,\"height\":44,\"caption\":\"Restaurante Italiano Marcello\"},\"image\":{\"@id\":\"https:\/\/restaurantemarcello.es\/#\/schema\/logo\/image\/\"}}]}<\/script>\n<!-- \/ Yoast SEO plugin. -->","yoast_head_json":{"title":"Aviso Legal - Restaurante Italiano Marcello","robots":{"index":"index","follow":"follow","max-snippet":"max-snippet:-1","max-image-preview":"max-image-preview:large","max-video-preview":"max-video-preview:-1"},"canonical":"https:\/\/restaurantemarcello.es\/index.php\/aviso-legal\/","og_locale":"es_ES","og_type":"article","og_title":"Aviso Legal - Restaurante Italiano Marcello","og_description":"Aviso legal del sitio Web En cumplimiento con el deber de informaci\u00f3n recogido en art\u00edculo 10 de la Ley 34\/2002, de 11 de julio, de Servicios de la Sociedad de la Informaci\u00f3n y del Comercio Electr\u00f3nico, a continuaci\u00f3n, se reflejan los siguientes datos: el titular del dominio web es Restaurante Marcello, con domicilio a estos [&hellip;]","og_url":"https:\/\/restaurantemarcello.es\/index.php\/aviso-legal\/","og_site_name":"Restaurante Italiano Marcello","article_modified_time":"2022-06-09T07:16:21+00:00","og_image":[{"url":"https:\/\/restaurantemarcello.es\/wp-content\/uploads\/2022\/06\/cropped-Logos-rapidos.png","type":"","width":"","height":""}],"twitter_card":"summary_large_image","twitter_misc":{"Tiempo de lectura":"6 minutos"},"schema":{"@context":"https:\/\/schema.org","@graph":[{"@type":"WebPage","@id":"https:\/\/restaurantemarcello.es\/index.php\/aviso-legal\/","url":"https:\/\/restaurantemarcello.es\/index.php\/aviso-legal\/","name":"Aviso Legal - Restaurante Italiano Marcello","isPartOf":{"@id":"https:\/\/restaurantemarcello.es\/#website"},"primaryImageOfPage":{"@id":"https:\/\/restaurantemarcello.es\/index.php\/aviso-legal\/#primaryimage"},"image":{"@id":"https:\/\/restaurantemarcello.es\/index.php\/aviso-legal\/#primaryimage"},"thumbnailUrl":"https:\/\/restaurantemarcello.es\/wp-content\/uploads\/2022\/06\/cropped-Logos-rapidos.png","datePublished":"2022-06-07T09:24:51+00:00","dateModified":"2022-06-09T07:16:21+00:00","breadcrumb":{"@id":"https:\/\/restaurantemarcello.es\/index.php\/aviso-legal\/#breadcrumb"},"inLanguage":"es","potentialAction":[{"@type":"ReadAction","target":["https:\/\/restaurantemarcello.es\/index.php\/aviso-legal\/"]}]},{"@type":"ImageObject","inLanguage":"es","@id":"https:\/\/restaurantemarcello.es\/index.php\/aviso-legal\/#primaryimage","url":"https:\/\/restaurantemarcello.es\/wp-content\/uploads\/2022\/06\/cropped-Logos-rapidos.png","contentUrl":"https:\/\/restaurantemarcello.es\/wp-content\/uploads\/2022\/06\/cropped-Logos-rapidos.png","width":500,"height":152},{"@type":"BreadcrumbList","@id":"https:\/\/restaurantemarcello.es\/index.php\/aviso-legal\/#breadcrumb","itemListElement":[{"@type":"ListItem","position":1,"name":"Portada","item":"https:\/\/restaurantemarcello.es\/"},{"@type":"ListItem","position":2,"name":"Aviso Legal"}]},{"@type":"WebSite","@id":"https:\/\/restaurantemarcello.es\/#website","url":"https:\/\/restaurantemarcello.es\/","name":"Restaurante Italiano Marcello","description":"Restaurante Marcello Santander","publisher":{"@id":"https:\/\/restaurantemarcello.es\/#organization"},"potentialAction":[{"@type":"SearchAction","target":{"@type":"EntryPoint","urlTemplate":"https:\/\/restaurantemarcello.es\/?s={search_term_string}"},"query-input":{"@type":"PropertyValueSpecification","valueRequired":true,"valueName":"search_term_string"}}],"inLanguage":"es"},{"@type":"Organization","@id":"https:\/\/restaurantemarcello.es\/#organization","name":"Restaurante Italiano Marcello","url":"https:\/\/restaurantemarcello.es\/","logo":{"@type":"ImageObject","inLanguage":"es","@id":"https:\/\/restaurantemarcello.es\/#\/schema\/logo\/image\/","url":"https:\/\/restaurantemarcello.es\/wp-content\/uploads\/2022\/06\/cropped-Logos-rapidos-1.jpg","contentUrl":"https:\/\/restaurantemarcello.es\/wp-content\/uploads\/2022\/06\/cropped-Logos-rapidos-1.jpg","width":87,"height":44,"caption":"Restaurante Italiano Marcello"},"image":{"@id":"https:\/\/restaurantemarcello.es\/#\/schema\/logo\/image\/"}}]}},"_links":{"self":[{"href":"https:\/\/restaurantemarcello.es\/index.php\/wp-json\/wp\/v2\/pages\/217","targetHints":{"allow":["GET"]}}],"collection":[{"href":"https:\/\/restaurantemarcello.es\/index.php\/wp-json\/wp\/v2\/pages"}],"about":[{"href":"https:\/\/restaurantemarcello.es\/index.php\/wp-json\/wp\/v2\/types\/page"}],"author":[{"embeddable":true,"href":"https:\/\/restaurantemarcello.es\/index.php\/wp-json\/wp\/v2\/users\/1"}],"replies":[{"embeddable":true,"href":"https:\/\/restaurantemarcello.es\/index.php\/wp-json\/wp\/v2\/comments?post=217"}],"version-history":[{"count":13,"href":"https:\/\/restaurantemarcello.es\/index.php\/wp-json\/wp\/v2\/pages\/217\/revisions"}],"predecessor-version":[{"id":313,"href":"https:\/\/restaurantemarcello.es\/index.php\/wp-json\/wp\/v2\/pages\/217\/revisions\/313"}],"wp:attachment":[{"href":"https:\/\/restaurantemarcello.es\/index.php\/wp-json\/wp\/v2\/media?parent=217"}],"curies":[{"name":"wp","href":"https:\/\/api.w.org\/{rel}","templated":true}]}}